{"id":57,"date":"2021-07-27T06:17:31","date_gmt":"2021-07-27T06:17:31","guid":{"rendered":"https:\/\/wordpressriverthemes.com\/solion\/?page_id=57"},"modified":"2022-04-25T00:00:29","modified_gmt":"2022-04-25T00:00:29","slug":"a-propos","status":"publish","type":"page","link":"https:\/\/reventa.fr\/index.php\/a-propos\/","title":{"rendered":"A Propos"},"content":{"rendered":"<p>[vc_row][vc_column]<!-- Star About Area\n    ============================================= -->\n    <div class=\"about-area center-responsive default-padding\">\n        <div class=\"container\">\n            <div class=\"row align-center\">\n                <div class=\"col-lg-6\">\n                    <div class=\"thumb\">\n                        <img decoding=\"async\" src=\"https:\/\/reventa.fr\/wp-content\/uploads\/2021\/11\/5.jpg\" alt=\"Thumb\">\n                    <\/div>\n                <\/div>\n                <div class=\"col-lg-6 info center-responsive\">\n                    <h5>A Propos de nous<\/h5>\n                    <h2 class=\"area-title\">Reventa est le guichet unique pour tous vos besoins en solution IT<\/h2>\n                    <p>\n                        Reventa est une soci\u00e9t\u00e9 informatique fran\u00e7aise cr\u00e9\u00e9e en 2021 dans le but de cr\u00e9er un changement de paradigme dans les domaines de l'informatique et des syst\u00e8mes de s\u00e9curit\u00e9. La philosophie de l'entreprise est d'accomplir la satisfaction du client en fournissant des services professionnels. Reventa s\u2019efforce de fournir d'excellents services techniques et professionnels \u00e0 divers clients en France et \u00e0 l\u2019international.<br \/>\nReventa est une soci\u00e9t\u00e9 de solutions et de services informatiques en France qui fournit principalement le service de migration de datacenter, digitalisation d\u2019entreprise, audit et veille technologique, Saas, IaaS, conception et le d\u00e9veloppement Web, le d\u00e9veloppement de logiciels et d'applications, le d\u00e9veloppement d'applications mobiles, l'enregistrement de domaine et l'h\u00e9bergement Web, le marketing et l'image de marque en ligne, la conception graphique, l'impression int\u00e9gr\u00e9e dans les processus commerciaux des clients.\n                    <\/p>\n                    <ul class=\"achivement\"><li>\n                            <div class=\"fun-fact\">\n                                <div class=\"counter\">\n                                    <div class=\"timer\" data-to=\"875\" data-speed=\"5000\">875<\/div>\n                                    <div class=\"operator\">+<\/div>\n                                <\/div>\n                                <span class=\"medium\">Presence<\/span>\n                            <\/div>\n                        <\/li><li>\n                            <div class=\"fun-fact\">\n                                <div class=\"counter\">\n                                    <div class=\"timer\" data-to=\"100\" data-speed=\"5000\">100<\/div>\n                                    <div class=\"operator\">%<\/div>\n                                <\/div>\n                                <span class=\"medium\">Satisfaction<\/span>\n                            <\/div>\n                        <\/li><\/ul>\n                <\/div>\n            <\/div>\n        <\/div>\n    <\/div>\n    <!-- End About Area -->[\/vc_column][\/vc_row][vc_row][vc_column]<!-- Start Why Choose Us \n    ============================================= -->\n    <div class=\"choose-us-area overflow-hidden reverse default-padding bg-gray\">\n        <div class=\"container\">\n            <div class=\"row align-center\">\n                \n                <div class=\"col-lg-6 info wow fadeInUp\">\n                    <h5>Pourquoi nous choisir<\/h5>\n                    <h2 class=\"area-title\">Les solutions que nous concevons, sont les solutions dont vous avez besoin.<\/h2>\n                    <p>\n                        Reventa solution IT agit en tant que partenaire de service de confiance pour diff\u00e9rentes industries offrant des services d'infrastructure informatique de haute qualit\u00e9. Nous fournissons des solutions IaaS (Infrastructure as a service), des solutions SaaS (Software as a service), migration de Datacenter, de la digitalisation d\u2019entreprise, solutions informatiques, du support informatique, des solutions de sites Web, des solutions logicielles.<br \/>\nNotre \u00e9quipe d'experts de professionnels certifi\u00e9s poss\u00e9dant une vaste exp\u00e9rience dans le domaine de l\u2019IT et offre un service de haute qualit\u00e9 \u00e0 nos clients. Nous nous concentrons sur l'\u00e9tablissement d'une relation de service \u00e0 long terme pour aider les clients \u00e0 atteindre leurs objectifs commerciaux. Notre passion pour le service nous a apport\u00e9 une client\u00e8le de clients satisfaits \u00e0 travers toute l\u2019Europe, des petites entreprises aux grandes entreprises.\n                    <\/p>\n                    <ul>\n                        <li>Experts en migration Datacenter<\/li>\n                        <li>Solutions IT - IaaS - SaaS<\/li>\n                    <\/ul>\n                    <div class=\"contact\">\n                        <p>\n                             Confiez votre projet a nos \u00e9quipes d'experts\n                        <\/p>\n                        <h4><i class=\"fas fa-phone\"><\/i> +33 9 84 12 97 61<\/h4>\n                    <\/div>\n                <\/div>\n                <div class=\"col-lg-6\">\n                    <div class=\"thumb wow fadeInRight\" data-wow-delay=\"0.6s\">\n                        <img decoding=\"async\" src=\"https:\/\/reventa.fr\/wp-content\/uploads\/2021\/07\/1.png\" alt=\"Thumb\">\n                    <\/div>\n                <\/div>\n\n            <\/div>\n        <\/div>\n    <\/div>\n    <!-- End Why Choose Us Area -->[\/vc_column][\/vc_row][vc_row][vc_column]<!-- Start Team Us \n    ============================================= -->\n    <div class=\"team-area grid-layout default-padding-bottom bottom-less\">\n        <!-- Fixed BG -->\n        <div class=\"fixed-shape-bottom\">\n            <img decoding=\"async\" src=\"https:\/\/reventa.fr\/wp-content\/uploads\/2021\/07\/bg-6.png\" alt=\"Shape\">\n        <\/div>\n        <!-- End Fixed BG -->\n        <div class=\"container\">\n            <div class=\"row\">\n                <div class=\"col-lg-8 offset-lg-2\">\n                    <div class=\"site-heading text-center\">\n                        <h5>Notre \u00e9quipe<\/h5>\n                        <h2 class=\"area-title\">Rencontrez les membres de notre \u00e9quipe professionnelle et experte<\/h2>\n                        <div class=\"devider\"><\/div>\n                        <p>\n                            En optant pour nos solutions IT, vous pourrez vous concentrer sur votre activit\u00e9 d\u2019entreprise et votre c\u0153ur de m\u00e9tier. notre \u00e9quipe d'experts s\u2019occupent des questions informatiques.\n                        <\/p>\n                    <\/div>\n                <\/div>\n            <\/div>\n        <\/div>\n        <div class=\"container\">\n            <div class=\"team-items text-center\">\n                <div class=\"row\"><!-- Single item -->\n                    <div class=\"single-item col-lg-4 col-md-6\">\n                        <div class=\"item\">\n                            <div class=\"thumb\">\n                                <img decoding=\"async\" src=\"https:\/\/reventa.fr\/wp-content\/uploads\/2021\/07\/1-2.jpg\" alt=\"Thumb\">\n                                <div class=\"social\">\n                                    <ul>\n                                        <li class=\"instagram\">\n                                            <a href=\"#\">\n                                                <i class=\"fab fa-instagram\"><\/i>\n                                            <\/a>\n                                        <\/li>\n                                        <li class=\"facebook\">\n                                            <a href=\"#\">\n                                                <i class=\"fab fa-facebook-f\"><\/i>\n                                            <\/a>\n                                        <\/li>\n                                        <li class=\"twitter\">\n                                            <a href=\"#\">\n                                                <i class=\"fab fa-twitter\"><\/i>\n                                            <\/a>\n                                        <\/li>\n                                    <\/ul>\n                                <\/div>\n                            <\/div>\n                            <div class=\"info-box\">\n                                <div class=\"info\">\n                                     <h5><a href=\"https:\/\/reventa.fr\/index.php\/contact-us\/\">Sid Ghiles<\/a><\/h5>\n                                <span>Designer Web<\/span>\n                                <\/div>\n                            <\/div>\n                        <\/div>\n                    <\/div>\n                    <!-- End Single item --><!-- Single item -->\n                    <div class=\"single-item col-lg-4 col-md-6\">\n                        <div class=\"item\">\n                            <div class=\"thumb\">\n                                <img decoding=\"async\" src=\"https:\/\/reventa.fr\/wp-content\/uploads\/2021\/07\/7.jpg\" alt=\"Thumb\">\n                                <div class=\"social\">\n                                    <ul>\n                                        <li class=\"instagram\">\n                                            <a href=\"#\">\n                                                <i class=\"fab fa-instagram\"><\/i>\n                                            <\/a>\n                                        <\/li>\n                                        <li class=\"facebook\">\n                                            <a href=\"#\">\n                                                <i class=\"fab fa-facebook-f\"><\/i>\n                                            <\/a>\n                                        <\/li>\n                                        <li class=\"twitter\">\n                                            <a href=\"#\">\n                                                <i class=\"fab fa-twitter\"><\/i>\n                                            <\/a>\n                                        <\/li>\n                                    <\/ul>\n                                <\/div>\n                            <\/div>\n                            <div class=\"info-box\">\n                                <div class=\"info\">\n                                     <h5><a href=\"https:\/\/reventa.fr\/index.php\/contact-us\/\">Adham Tauler<\/a><\/h5>\n                                <span>Expert R\u00e9f\u00e9rencement SEO<\/span>\n                                <\/div>\n                            <\/div>\n                        <\/div>\n                    <\/div>\n                    <!-- End Single item --><!-- Single item -->\n                    <div class=\"single-item col-lg-4 col-md-6\">\n                        <div class=\"item\">\n                            <div class=\"thumb\">\n                                <img decoding=\"async\" src=\"https:\/\/reventa.fr\/wp-content\/uploads\/2021\/07\/3-1.jpg\" alt=\"Thumb\">\n                                <div class=\"social\">\n                                    <ul>\n                                        <li class=\"instagram\">\n                                            <a href=\"#\">\n                                                <i class=\"fab fa-instagram\"><\/i>\n                                            <\/a>\n                                        <\/li>\n                                        <li class=\"facebook\">\n                                            <a href=\"#\">\n                                                <i class=\"fab fa-facebook-f\"><\/i>\n                                            <\/a>\n                                        <\/li>\n                                        <li class=\"twitter\">\n                                            <a href=\"#\">\n                                                <i class=\"fab fa-twitter\"><\/i>\n                                            <\/a>\n                                        <\/li>\n                                    <\/ul>\n                                <\/div>\n                            <\/div>\n                            <div class=\"info-box\">\n                                <div class=\"info\">\n                                     <h5><a href=\"https:\/\/reventa.fr\/index.php\/contact-us\/\">Damien Evan<\/a><\/h5>\n                                <span>Ingenieur IT<\/span>\n                                <\/div>\n                            <\/div>\n                        <\/div>\n                    <\/div>\n                    <!-- End Single item --><\/div>\n            <\/div>\n        <\/div>\n    <\/div>\n    <!-- End Team Area -->[\/vc_column][\/vc_row][vc_row][vc_column]<!-- Start Fun Factor Area\n    ============================================= -->\n    <div class=\"fun-fact-area text-light text-center default-padding bg-gradient\">\n        <div class=\"container\">\n            <div class=\"fun-fact-items\">\n                <div class=\"row\"><div class=\"col-lg-3 col-md-6 item\">\n                        <div class=\"fun-fact\">\n                            <div class=\"counter\">\n                                <div class=\"timer\" data-to=\"58\" data-speed=\"5000\">58<\/div>\n                                    <div class=\"operator\"><\/div>\n                            <\/div>\n                            <span class=\"medium\">Clients Satisfaits<\/span>\n                        <\/div>\n                    <\/div><div class=\"col-lg-3 col-md-6 item\">\n                        <div class=\"fun-fact\">\n                            <div class=\"counter\">\n                                <div class=\"timer\" data-to=\"114\" data-speed=\"5000\">114<\/div>\n                                    <div class=\"operator\">+<\/div>\n                            <\/div>\n                            <span class=\"medium\">Projets<\/span>\n                        <\/div>\n                    <\/div><div class=\"col-lg-3 col-md-6 item\">\n                        <div class=\"fun-fact\">\n                            <div class=\"counter\">\n                                <div class=\"timer\" data-to=\"7\" data-speed=\"5000\">7<\/div>\n                                    <div class=\"operator\">+<\/div>\n                            <\/div>\n                            <span class=\"medium\">Experts Qualifi\u00e9s<\/span>\n                        <\/div>\n                    <\/div><div class=\"col-lg-3 col-md-6 item\">\n                        <div class=\"fun-fact\">\n                            <div class=\"counter\">\n                                <div class=\"timer\" data-to=\"100\" data-speed=\"5000\">100<\/div>\n                                    <div class=\"operator\">%<\/div>\n                            <\/div>\n                            <span class=\"medium\">Satisfaction<\/span>\n                        <\/div>\n                    <\/div><\/div>\n            <\/div>\n        <\/div>\n    <\/div>\n    <!-- End Fun Factor Area -->[\/vc_column][\/vc_row][vc_row][vc_column]<!-- Star Faq\n    ============================================= -->\n    <div class=\"faq-area overflow-hidden rectangular-shape default-padding\">\n        <div class=\"container\">\n            <div class=\"faq-items\">\n                <div class=\"row align-center\">\n\n                    <div class=\"col-lg-6\">\n                        <div class=\"thumb wow fadeInLeft\" data-wow-delay=\"0.5s\">\n                            <img decoding=\"async\" src=\"https:\/\/reventa.fr\/wp-content\/uploads\/2021\/07\/4.png\" alt=\"Thumb\">\n                        <\/div>\n                    <\/div>\n\n                    <div class=\"col-lg-6\">\n                        <div class=\"faq-content\">\n                            <h5>faq<\/h5>\n                            <h2 class=\"area-title\">Questions fr\u00e9quentes concernant nos services<\/h2>\n                            <div class=\"accordion\" id=\"accordionExample\"><div class=\"card\">\n    <div class=\"card-header\" id=\"headingOne\">\n        <h4 class=\"mb-0\" data-toggle=\"collapse\" data-target=\"#collapseOne\" aria-expanded=\"true\" aria-controls=\"collapseOne\">\n              Qu'est-ce que l'IaaS??\n        <\/h4>\n    <\/div>\n\n    <div id=\"collapseOne\" class=\"collapse show\" aria-labelledby=\"headingOne\" data-parent=\"#accordionExample\">\n        <div class=\"card-body\">\n            <p>\n                Le terme IaaS signifie Infrastructure As A service (Infrastructure en tant que Service). Cette solution est l\u2019une des plus r\u00e9pandues dans le monde du Cloud computing, elle peut \u00eatre destin\u00e9e au entreprise ainsi qu\u2019au particulier. Elle consiste \u00e0 offrir des ressources informatiques via un acc\u00e8s internet public ou un r\u00e9seau priv\u00e9.<br \/>\nUn service IaaS peut \u00eatre du simple serveur virtuel \u00e0 une grande infrastructure virtuelles compos\u00e9es de plusieurs serveurs, conteneurs, Pare-feux, virtual Switches, monitoring\u2026\n            <\/p>\n        <\/div>\n    <\/div>\n<\/div><div class=\"card\">\n    <div class=\"card-header\" id=\"headingTwo\">\n        <h4 class=\"mb-0\" data-toggle=\"collapse\" data-target=\"#collapseTwo\" aria-expanded=\"true\" aria-controls=\"collapseTwo\">\n              Quels sont les avantages de l'IaaS??\n        <\/h4>\n    <\/div>\n\n    <div id=\"collapseTwo\" class=\"collapse \" aria-labelledby=\"headingTwo\" data-parent=\"#accordionExample\">\n        <div class=\"card-body\">\n            <p>\n                De nos jours, plusieurs entreprises optent pour une solution Iaas \u00e0 la place d\u2019une infrastructure internalis\u00e9e, ce choix est g\u00e9n\u00e9ralement \u00e9vident \u00e0 prendre car les avantages sont nombreux:<br \/>\nLes co\u00fbts:<br \/>\nL\u2019Iaas permet de r\u00e9duire les d\u00e9penses d'investissement mat\u00e9riel et d\u2019\u00e9conomiser sur les co\u00fbts r\u00e9currents tels que les ressources informatiques pour le maintien de l\u2019infrastructure<br \/>\n\u00c9volutivit\u00e9 et flexibilit\u00e9<br \/>\nElle vous permet d\u2019ajouter ou des supprimer des ressources virtuelles en temps r\u00e9el. Vous pouvez donc augmenter ou diminuer la capacit\u00e9 de votre infrastructure selon vos besoins<br \/>\nD\u00e9lai de mise sur le marche plus rapide<br \/>\nLe d\u00e9ploiement des ressources sur une IaaS est imm\u00e9diat et \u00e0 la demande via l\u2019interface d\u2019administration<br \/>\nPrise en charge de DR haute disponibilit\u00e9<br \/>\nConcentrez-vous sur la croissance des entreprises<br \/>\nEn optant pour l\u2019IaaS, vous pourrez vous concentrer sur votre activit\u00e9 d\u2019entreprise et votre c\u0153ur de m\u00e9tier. Des professionnels du secteur du cloud s\u2019occupent des questions informatiques\n            <\/p>\n        <\/div>\n    <\/div>\n<\/div><div class=\"card\">\n    <div class=\"card-header\" id=\"headingThree\">\n        <h4 class=\"mb-0\" data-toggle=\"collapse\" data-target=\"#collapseThree\" aria-expanded=\"true\" aria-controls=\"collapseThree\">\n              Qu'est-ce qu'un plan d'h\u00e9bergement??\n        <\/h4>\n    <\/div>\n\n    <div id=\"collapseThree\" class=\"collapse \" aria-labelledby=\"headingThree\" data-parent=\"#accordionExample\">\n        <div class=\"card-body\">\n            <p>\n                Un plan d'h\u00e9bergement est un service utilis\u00e9 pour publier des sites Web, des bases de donn\u00e9es, des applications et des e-mails via des serveurs qui gardent les informations disponibles sur Internet pour les autres utilisateurs.\n            <\/p>\n        <\/div>\n    <\/div>\n<\/div><\/div>\n                        <\/div>\n                    <\/div>\n                    \n                <\/div>\n            <\/div>\n        <\/div>\n    <\/div>\n    <!-- End Faq -->[\/vc_column][\/vc_row]<\/p>\n","protected":false},"excerpt":{"rendered":"<p>[vc_row][vc_column][\/vc_column][\/vc_row][vc_row][vc_column][\/vc_column][\/vc_row][vc_row][vc_column][\/vc_column][\/vc_row][vc_row][vc_column][\/vc_column][\/vc_row][vc_row][vc_column][\/vc_column][\/vc_row]<\/p>\n","protected":false},"author":1,"featured_media":59,"parent":0,"menu_order":0,"comment_status":"closed","ping_status":"closed","template":"page-templates\/pages.php","meta":{"footnotes":""},"class_list":["post-57","page","type-page","status-publish","has-post-thumbnail","hentry"],"_links":{"self":[{"href":"https:\/\/reventa.fr\/index.php\/wp-json\/wp\/v2\/pages\/57","targetHints":{"allow":["GET"]}}],"collection":[{"href":"https:\/\/reventa.fr\/index.php\/wp-json\/wp\/v2\/pages"}],"about":[{"href":"https:\/\/reventa.fr\/index.php\/wp-json\/wp\/v2\/types\/page"}],"author":[{"embeddable":true,"href":"https:\/\/reventa.fr\/index.php\/wp-json\/wp\/v2\/users\/1"}],"replies":[{"embeddable":true,"href":"https:\/\/reventa.fr\/index.php\/wp-json\/wp\/v2\/comments?post=57"}],"version-history":[{"count":4,"href":"https:\/\/reventa.fr\/index.php\/wp-json\/wp\/v2\/pages\/57\/revisions"}],"predecessor-version":[{"id":1061,"href":"https:\/\/reventa.fr\/index.php\/wp-json\/wp\/v2\/pages\/57\/revisions\/1061"}],"wp:featuredmedia":[{"embeddable":true,"href":"https:\/\/reventa.fr\/index.php\/wp-json\/wp\/v2\/media\/59"}],"wp:attachment":[{"href":"https:\/\/reventa.fr\/index.php\/wp-json\/wp\/v2\/media?parent=57"}],"curies":[{"name":"wp","href":"https:\/\/api.w.org\/{rel}","templated":true}]}}