{"id":1038,"date":"2022-04-24T22:17:50","date_gmt":"2022-04-24T22:17:50","guid":{"rendered":"https:\/\/reventa.fr\/?page_id=1038"},"modified":"2022-04-25T22:20:00","modified_gmt":"2022-04-25T22:20:00","slug":"legal","status":"publish","type":"page","link":"https:\/\/reventa.fr\/index.php\/legal\/","title":{"rendered":"Mentions L\u00e9gales"},"content":{"rendered":"<p>[vc_row css=&#8221;.vc_custom_1650879837152{margin-top: 100px !important;margin-right: 200px !important;margin-bottom: 100px !important;margin-left: 200px !important;}&#8221;][vc_column][vc_column_text]<\/p>\r\n<h4 class=\"wp-block-heading\"><strong>IDENTIFICATION DU VENDEUR<\/strong><\/h4>\r\n<p>\r\n\r\nREVENTA<br \/>Soci\u00e9t\u00e9 par actions simplifi\u00e9e (SAS) au capital de 10.000\u20ac<br \/>Repr\u00e9sent\u00e9e par Monsieur Sid Softa en qualit\u00e9 de pr\u00e9sident<br \/>Immatricul\u00e9e au registre du Commerce et des Soci\u00e9t\u00e9s de Paris en date du 08\/03\/2021<br \/>Num\u00e9ro d\u2019immatriculation : 897436135<br \/>Siret : 89743613500015<br \/>Num\u00e9ro de TVA intra-communautaire : FR85897436135<br \/>Date de commencement d\u2019activit\u00e9 22\/03\/2021<br \/>Adresse du si\u00e8ge social : 101 Avenue du G\u00e9n\u00e9ral Leclerc 75014 Paris, France<br \/>Contact email : contact@reventa.fr<br \/>Finalit\u00e9 du traitement des donn\u00e9es : ex\u00e9cution du contrat de vente en ligne<br \/>Pour plus d\u2019information sur les donn\u00e9es nominatives collect\u00e9es, la base juridique, leur traitement et la dur\u00e9e de conservation veuillez vous reporter \u00e0 la notre politique de confidentialit\u00e9.<\/p>\r\n<p>\u00a0<\/p>\r\n\r\n<h4 class=\"wp-block-heading\"><strong>IDENTIFICATION DE L\u2019HEBERGEUR<\/strong><\/h4>\r\n<p>\r\n\r\nREVENTA SAS<\/p>\r\n<p>\u00a0<\/p>\r\n\r\n<h4 class=\"wp-block-heading\"><strong>INFORMATIONS SUR LES COOKIES<\/strong><\/h4>\r\n<p>\r\n\r\n<a href=\"https:\/\/reventa.fr\/index.php\/privacy-policy\">https:\/\/reventa.fr\/index.php\/privacy-policy<\/a><\/p>\r\n<p>\u00a0<\/p>\r\n\r\n<h4 class=\"wp-block-heading\"><strong>DROITS DE L\u2019UTILISATEUR DU SITE A LA M\u00c9DIATION<\/strong><\/h4>\r\n<p>\r\n\r\nConform\u00e9ment \u00e0 l\u2019article L. 612-1 du Code de la consommation, dans un d\u00e9lai d\u2019un an \u00e0 compter de sa r\u00e9clamation \u00e9crite, le consommateur, sous r\u00e9serve de l\u2019article L.152-2 du code de la consommation, a la facult\u00e9 d\u2019introduire une demande de r\u00e9solution amiable par voie de m\u00e9diation, aupr\u00e8s de<br \/>SAS M\u00e9diation Solution<br \/>222 chemin de la bergerie 01800 Saint Jean de Niost<br \/>Site :\u00a0<a href=\"https:\/\/www.sasmediationsolution-conso.fr\/\" target=\"_blank\" rel=\"noopener\">https:\/\/www.sasmediationsolution-conso.fr<\/a><br \/>Email : contact@sasmediationsolution-conso.fr<\/p>\r\n<p>[\/vc_column_text][\/vc_column][\/vc_row]<\/p>","protected":false},"excerpt":{"rendered":"<p>[vc_row css=&#8221;.vc_custom_1650879837152{margin-top: 100px !important;margin-right: 200px !important;margin-bottom: 100px !important;margin-left: 200px !important;}&#8221;][vc_column][vc_column_text] IDENTIFICATION DU VENDEUR REVENTASoci\u00e9t\u00e9 par actions simplifi\u00e9e (SAS) au capital de 10.000\u20acRepr\u00e9sent\u00e9e par Monsieur Sid Softa en qualit\u00e9 de pr\u00e9sidentImmatricul\u00e9e au registre du Commerce et des Soci\u00e9t\u00e9s de Paris en date du 08\/03\/2021Num\u00e9ro d\u2019immatriculation : 897436135Siret : 89743613500015Num\u00e9ro de TVA intra-communautaire : FR85897436135Date de commencement [&hellip;]<\/p>\n","protected":false},"author":1,"featured_media":472,"parent":0,"menu_order":0,"comment_status":"closed","ping_status":"closed","template":"page-templates\/pages.php","meta":{"footnotes":""},"class_list":["post-1038","page","type-page","status-publish","has-post-thumbnail","hentry"],"_links":{"self":[{"href":"https:\/\/reventa.fr\/index.php\/wp-json\/wp\/v2\/pages\/1038","targetHints":{"allow":["GET"]}}],"collection":[{"href":"https:\/\/reventa.fr\/index.php\/wp-json\/wp\/v2\/pages"}],"about":[{"href":"https:\/\/reventa.fr\/index.php\/wp-json\/wp\/v2\/types\/page"}],"author":[{"embeddable":true,"href":"https:\/\/reventa.fr\/index.php\/wp-json\/wp\/v2\/users\/1"}],"replies":[{"embeddable":true,"href":"https:\/\/reventa.fr\/index.php\/wp-json\/wp\/v2\/comments?post=1038"}],"version-history":[{"count":12,"href":"https:\/\/reventa.fr\/index.php\/wp-json\/wp\/v2\/pages\/1038\/revisions"}],"predecessor-version":[{"id":1120,"href":"https:\/\/reventa.fr\/index.php\/wp-json\/wp\/v2\/pages\/1038\/revisions\/1120"}],"wp:featuredmedia":[{"embeddable":true,"href":"https:\/\/reventa.fr\/index.php\/wp-json\/wp\/v2\/media\/472"}],"wp:attachment":[{"href":"https:\/\/reventa.fr\/index.php\/wp-json\/wp\/v2\/media?parent=1038"}],"curies":[{"name":"wp","href":"https:\/\/api.w.org\/{rel}","templated":true}]}}